{"id":13,"date":"2023-12-10T13:10:23","date_gmt":"2023-12-10T12:10:23","guid":{"rendered":"https:\/\/batirpleinsud.ovh\/?page_id=13"},"modified":"2023-12-10T14:17:32","modified_gmt":"2023-12-10T13:17:32","slug":"nos-objectifs","status":"publish","type":"page","link":"https:\/\/batirpleinsud.ovh\/index.php\/nos-objectifs\/","title":{"rendered":"4) Nos objectifs"},"content":{"rendered":"\n<p class=\"has-small-font-size\"><\/p>\n\n\n\n<p><\/p>\n\n\n\n<p class=\"has-text-align-left\">C&#8217;est pourquoi nous, des professionnels de l&#8217;habitat mais de plus hyper sensibilis\u00e9s \u00e0 un habitat amical pour l&#8217;environnement et repr\u00e9sentant l&#8217;ensemble de la fili\u00e8re de la construction, nous nous regrouperons dans chaque d\u00e9partement, sous cette marque BATIR PLEIN SUD \u00ae, en fonction, d&#8217;une part, des opportunit\u00e9s de terrains face Sud li\u00e9es au d\u00e9veloppement de nos contacts, d&#8217;abord dans la Marne et les Pyr\u00e9n\u00e9es Orientales et, d&#8217;autre part, des d\u00e9sid\u00e9rata de nos futurs clients. Nous avons effectivement d\u00e9j\u00e0 de bons contacts avec des architectes et professionnels du b\u00e2timent dans la Marne (o\u00f9 j&#8217;ai, par exemple, d\u00e9couvert et visit\u00e9 2 murs Trombe \u00e0 Reims !&#8230;) ainsi que dans les Pyr\u00e9n\u00e9es Orientales, bien entendu, notamment au sein d&#8217;Enviro-bat bas\u00e9 \u00e0 Toulouse et de l&#8217;Ademe, sans oublier de mentionner le dynamique P\u00f4le Derbi \u00e0 Perpignan ainsi qu&#8217;en Savoie, au si\u00e8ge de l&#8217;INES au Bourget du Lac, qui est donc l&#8217;Institut National de l&#8217;Energie solaire au sein duquel les chercheurs ont num\u00e9ris\u00e9 beaucoup de recherche fondamentale pour \u00e9tudier la thermie des b\u00e2timents, prolongeant ainsi les travaux du Professeur F\u00e9lix Trombe.<br>Enfin, et c&#8217;est le plus important, en fonction de l&#8217;\u00e9volution de nos contacts dans diff\u00e9rents d\u00e9partements m\u00e9tropolitains avec des professionnels qui accepteront de se former \u00e0 Font Romeu afin de respecter notre cahier des charges pour construire des b\u00e2timents con\u00e7us d\u00e8s le d\u00e9part sp\u00e9cifiquement pour r\u00e9cup\u00e9rer la chaleur du soleil en hiver et la stocker&#8230;.<\/p>\n","protected":false},"excerpt":{"rendered":"<p>C&#8217;est pourquoi nous, des professionnels de l&#8217;habitat mais de plus hyper sensibilis\u00e9s \u00e0 un habitat amical pour l&#8217;environnement et repr\u00e9sentant l&#8217;ensemble de la fili\u00e8re de la construction, nous nous regrouperons dans chaque d\u00e9partement, sous cette marque BATIR PLEIN SUD \u00ae, en fonction, d&#8217;une part, des opportunit\u00e9s de terrains face Sud li\u00e9es au d\u00e9veloppement de nos [&hellip;]<\/p>\n","protected":false},"author":1,"featured_media":0,"parent":0,"menu_order":0,"comment_status":"closed","ping_status":"closed","template":"","meta":{"footnotes":""},"class_list":["post-13","page","type-page","status-publish","hentry"],"_links":{"self":[{"href":"https:\/\/batirpleinsud.ovh\/index.php\/wp-json\/wp\/v2\/pages\/13","targetHints":{"allow":["GET"]}}],"collection":[{"href":"https:\/\/batirpleinsud.ovh\/index.php\/wp-json\/wp\/v2\/pages"}],"about":[{"href":"https:\/\/batirpleinsud.ovh\/index.php\/wp-json\/wp\/v2\/types\/page"}],"author":[{"embeddable":true,"href":"https:\/\/batirpleinsud.ovh\/index.php\/wp-json\/wp\/v2\/users\/1"}],"replies":[{"embeddable":true,"href":"https:\/\/batirpleinsud.ovh\/index.php\/wp-json\/wp\/v2\/comments?post=13"}],"version-history":[{"count":2,"href":"https:\/\/batirpleinsud.ovh\/index.php\/wp-json\/wp\/v2\/pages\/13\/revisions"}],"predecessor-version":[{"id":32,"href":"https:\/\/batirpleinsud.ovh\/index.php\/wp-json\/wp\/v2\/pages\/13\/revisions\/32"}],"wp:attachment":[{"href":"https:\/\/batirpleinsud.ovh\/index.php\/wp-json\/wp\/v2\/media?parent=13"}],"curies":[{"name":"wp","href":"https:\/\/api.w.org\/{rel}","templated":true}]}}