{"id":21,"date":"2023-12-10T13:27:46","date_gmt":"2023-12-10T12:27:46","guid":{"rendered":"https:\/\/batirpleinsud.ovh\/?page_id=21"},"modified":"2024-03-15T12:19:33","modified_gmt":"2024-03-15T11:19:33","slug":"ville-de-rapport","status":"publish","type":"page","link":"https:\/\/batirpleinsud.ovh\/index.php\/ville-de-rapport\/","title":{"rendered":"6) Villa d\u00e9monstratrice"},"content":{"rendered":"\n<p><\/p>\n\n\n\n<p><strong><em>C&#8217;est une v\u00e9rit\u00e9 de Lapalisse : <\/em><\/strong>En situation de r\u00e9chauffement climatique, une grande face au Sud, voire plein sud, signifie qu&#8217;il n&#8217;y a pas de grande face, ni \u00e0 l&#8217;est, ni \u00e0 l&#8217;ouest, et que, par cons\u00e9quent, cette maison va pouvoir gagner beaucoup de calories gratuites en hiver, facture de chauffage tr\u00e8s r\u00e9duite et ne va, par cons\u00e9quent, du fait de l&#8217;absence de face \u00e0 l&#8217;est et \u00e0 l&#8217;ouest, ne pas trop subir de surchauffe en \u00e9t\u00e9 car le soleil est presque au z\u00e9nith au sud en \u00e9t\u00e9 tandis qu&#8217;il descend longuement \u00e0 l&#8217;ouest, jusqu&#8217;\u00e0 21h30\/22h, c\u00f4t\u00e9 d&#8217;o\u00f9 viennent les surchauffe. M\u00eame probl\u00e9matique \u00e0 l&#8217;est o\u00f9 les calories capt\u00e9es le matin vont p\u00e9naliser le confort thermique pour toute la journ\u00e9e.<\/p>\n\n\n\n<h3 class=\"wp-block-heading\">Ouvrir les fen\u00eatres ??? :<\/h3>\n\n\n\n<h1 class=\"wp-block-heading has-small-font-size\">OUI, bien entendu et c&#8217;est leur grand avantage par rapport au syst\u00e8me PASSIV HAUS, les Maisons Passives construites en France depuis 15 ans !&#8230; et dans lesquelles&nbsp; ce n&#8217;est gu\u00e8re possible parce que l&#8217;air y est contr\u00f4l\u00e9 en permanence par le syst\u00e8me de ventilation double flux gr\u00e2ce \u00e0 l&#8217;\u00e9tanch\u00e9it\u00e9 \u00e0 l&#8217;air&#8230;<\/h1>\n\n\n\n<h3 class=\"wp-block-heading has-small-font-size\">&nbsp;<\/h3>\n\n\n\n<h3 class=\"wp-block-heading\">Alors, oui, bien entendu, vous pourrez ouvrir vos fen\u00eatres avec nos futures maisons B\u00e2tir Plein Sud puisque ce sont les 150 \u00e0 250 tonnes de masse d&#8217;inertie thermique qui vont rayonner leur ti\u00e9deur et quand vous fermerez les fen\u00eatres, les 200 \u00e0 300 m3 d&#8217;air de la maison (l&#8217;air pesant moins de 1,3 kg par m3), donc, les 260 kgs \u00e0 390 kgs d&#8217;air seront r\u00e9chauff\u00e9s facilement et tr\u00e8s rapidement&#8230;<\/h3>\n\n\n\n<p><strong>POINT&nbsp;TECHNIQUE&nbsp;VITRAGE&nbsp;DES&nbsp;FEN\u00caTRES&nbsp;OU&nbsp;DES&nbsp;BAIES&nbsp;VITREES:<\/strong><br><\/p>\n\n\n\n<p>Comme nous le savons bien, la technologie des vitrages tout comme celle des capteurs solaires thermiques &amp; photovolta\u00efques a \u00e9norm\u00e9ment \u00e9volu\u00e9 depuis 30 ans&#8230;<br>&nbsp;<br>Et c&#8217;est ainsi que les vitrages de nos futures maisons B\u00e2tir Plein Sud font partie int\u00e9grale de notre syst\u00e8me de chauffage :<br>les doubles, voire les triples vitrages (pour la montagne), orient\u00e9s PLEIN SUD , sont tr\u00e8s faiblement \u00e9missifs, c&#8217;est-\u00e0-dire qu&#8217;ils font rentrer la chaleur du soleil quand ses rayons donnent dessus et cette faible \u00e9missivit\u00e9 d\u00e9pos\u00e9e lors de la fabrication des fen\u00eatres sur les vitrages int\u00e9rieurs r\u00e9duit ainsi les pertes de chaleur de l&#8217;int\u00e9rieur vers l&#8217;ext\u00e9rieur&#8230;(Cf point technique ci-dessous)<br>la chaleur est ainsi pi\u00e9g\u00e9e et se stocke alors, au fur et \u00e0 mesure qu&#8217;elle augmente dans la pi\u00e8ce, par le principe simple des vases communicants !&#8230;, mais cette fois, c&#8217;est la chaleur qui se communique dans les murs, les sols ou les plafonds con\u00e7us \u00e0 cet effet et tant que les rayons du soleil entrent dans la pi\u00e8ce et afin&nbsp;&nbsp;&nbsp;&nbsp;&nbsp;&nbsp; d&#8217;arriver, plus ou moins, \u00e0 un \u00e9quilibre thermique.<br><br><\/p>\n","protected":false},"excerpt":{"rendered":"<p>C&#8217;est une v\u00e9rit\u00e9 de Lapalisse : En situation de r\u00e9chauffement climatique, une grande face au Sud, voire plein sud, signifie qu&#8217;il n&#8217;y a pas de grande face, ni \u00e0 l&#8217;est, ni \u00e0 l&#8217;ouest, et que, par cons\u00e9quent, cette maison va pouvoir gagner beaucoup de calories gratuites en hiver, facture de chauffage tr\u00e8s r\u00e9duite et ne [&hellip;]<\/p>\n","protected":false},"author":1,"featured_media":0,"parent":0,"menu_order":0,"comment_status":"closed","ping_status":"closed","template":"","meta":{"footnotes":""},"class_list":["post-21","page","type-page","status-publish","hentry"],"_links":{"self":[{"href":"https:\/\/batirpleinsud.ovh\/index.php\/wp-json\/wp\/v2\/pages\/21","targetHints":{"allow":["GET"]}}],"collection":[{"href":"https:\/\/batirpleinsud.ovh\/index.php\/wp-json\/wp\/v2\/pages"}],"about":[{"href":"https:\/\/batirpleinsud.ovh\/index.php\/wp-json\/wp\/v2\/types\/page"}],"author":[{"embeddable":true,"href":"https:\/\/batirpleinsud.ovh\/index.php\/wp-json\/wp\/v2\/users\/1"}],"replies":[{"embeddable":true,"href":"https:\/\/batirpleinsud.ovh\/index.php\/wp-json\/wp\/v2\/comments?post=21"}],"version-history":[{"count":5,"href":"https:\/\/batirpleinsud.ovh\/index.php\/wp-json\/wp\/v2\/pages\/21\/revisions"}],"predecessor-version":[{"id":42,"href":"https:\/\/batirpleinsud.ovh\/index.php\/wp-json\/wp\/v2\/pages\/21\/revisions\/42"}],"wp:attachment":[{"href":"https:\/\/batirpleinsud.ovh\/index.php\/wp-json\/wp\/v2\/media?parent=21"}],"curies":[{"name":"wp","href":"https:\/\/api.w.org\/{rel}","templated":true}]}}